{"id":90,"date":"2026-03-05T15:25:06","date_gmt":"2026-03-05T14:25:06","guid":{"rendered":"https:\/\/heddalab.com\/?page_id=90"},"modified":"2026-03-05T15:50:27","modified_gmt":"2026-03-05T14:50:27","slug":"creepypastas","status":"publish","type":"page","link":"https:\/\/heddalab.com\/?page_id=90","title":{"rendered":"Creepypastas"},"content":{"rendered":"\n<div class=\"wp-block-query is-layout-flow wp-block-query-is-layout-flow\"><ul class=\"wp-block-post-template is-layout-flow wp-block-post-template-is-layout-flow\"><li class=\"wp-block-post post-108 creepypasta type-creepypasta status-publish has-post-thumbnail hentry category-archive\">\n\n<div class=\"wp-block-columns are-vertically-aligned-center is-layout-flex wp-container-core-columns-is-layout-28f84493 wp-block-columns-is-layout-flex\">\n<div class=\"wp-block-column is-vertically-aligned-center is-layout-flow wp-block-column-is-layout-flow\" style=\"flex-basis:25%\"><figure style=\"aspect-ratio:9\/16;\" class=\"wp-block-post-featured-image\"><a href=\"https:\/\/heddalab.com\/?creepypasta=test-6\" target=\"_self\"  ><img loading=\"lazy\" decoding=\"async\" width=\"1170\" height=\"581\" src=\"https:\/\/heddalab.com\/wp-content\/uploads\/2026\/03\/Capture-decran-2026-03-06-133730-1170x581.png\" class=\"attachment-post-thumbnail size-post-thumbnail wp-post-image\" alt=\"Le parc\" style=\"width:100%;height:100%;object-fit:cover;\" srcset=\"https:\/\/heddalab.com\/wp-content\/uploads\/2026\/03\/Capture-decran-2026-03-06-133730-1170x581.png 1170w, https:\/\/heddalab.com\/wp-content\/uploads\/2026\/03\/Capture-decran-2026-03-06-133730-300x149.png 300w, https:\/\/heddalab.com\/wp-content\/uploads\/2026\/03\/Capture-decran-2026-03-06-133730-1024x508.png 1024w, https:\/\/heddalab.com\/wp-content\/uploads\/2026\/03\/Capture-decran-2026-03-06-133730-768x381.png 768w, https:\/\/heddalab.com\/wp-content\/uploads\/2026\/03\/Capture-decran-2026-03-06-133730.png 1269w\" sizes=\"auto, (max-width: 1170px) 100vw, 1170px\" \/><\/a><\/figure><\/div>\n\n\n\n<div class=\"wp-block-column is-vertically-aligned-center is-layout-flow wp-block-column-is-layout-flow\" style=\"flex-basis:75%\"><h2 class=\"wp-block-post-title\"><a href=\"https:\/\/heddalab.com\/?creepypasta=test-6\" target=\"_self\" >Le parc<\/a><\/h2>\n\n<div class=\"wp-block-post-date\"><time datetime=\"2025-05-01T15:34:00+02:00\">1 mai 2025<\/time><\/div>\n\n<div class=\"wp-block-post-excerpt\"><p class=\"wp-block-post-excerpt__excerpt\">Depuis le divorce, j\u2019ai pris l\u2019habitude de sortir tous les jours avec Marc. Pas parce que j\u2019aime \u00e7a. Juste\u2026 parce que \u00e7a remplit le temps. Parce que lui, il a besoin d\u2019air, de courir, de jouer. Moi, je reste sur le banc, et je regarde. Le parc est \u00e0 deux\u2026 <\/p><\/div><\/div>\n<\/div>\n\n<\/li><li class=\"wp-block-post post-107 creepypasta type-creepypasta status-publish has-post-thumbnail hentry category-archive\">\n\n<div class=\"wp-block-columns are-vertically-aligned-center is-layout-flex wp-container-core-columns-is-layout-28f84493 wp-block-columns-is-layout-flex\">\n<div class=\"wp-block-column is-vertically-aligned-center is-layout-flow wp-block-column-is-layout-flow\" style=\"flex-basis:25%\"><figure style=\"aspect-ratio:9\/16;\" class=\"wp-block-post-featured-image\"><a href=\"https:\/\/heddalab.com\/?creepypasta=test-5\" target=\"_self\"  ><img loading=\"lazy\" decoding=\"async\" width=\"1024\" height=\"680\" src=\"https:\/\/heddalab.com\/wp-content\/uploads\/2025\/03\/file_00000000cc9451f69155a211c742b0ea_conversation_id67e85972-8cb4-800b-9bae-ee4b441eb948message_ide5b3df96-2169-4801-b507-9060d237839f_1-e1772799718808.png\" class=\"attachment-post-thumbnail size-post-thumbnail wp-post-image\" alt=\"Splinter\" style=\"width:100%;height:100%;object-fit:cover;\" srcset=\"https:\/\/heddalab.com\/wp-content\/uploads\/2025\/03\/file_00000000cc9451f69155a211c742b0ea_conversation_id67e85972-8cb4-800b-9bae-ee4b441eb948message_ide5b3df96-2169-4801-b507-9060d237839f_1-e1772799718808.png 1024w, https:\/\/heddalab.com\/wp-content\/uploads\/2025\/03\/file_00000000cc9451f69155a211c742b0ea_conversation_id67e85972-8cb4-800b-9bae-ee4b441eb948message_ide5b3df96-2169-4801-b507-9060d237839f_1-e1772799718808-300x199.png 300w, https:\/\/heddalab.com\/wp-content\/uploads\/2025\/03\/file_00000000cc9451f69155a211c742b0ea_conversation_id67e85972-8cb4-800b-9bae-ee4b441eb948message_ide5b3df96-2169-4801-b507-9060d237839f_1-e1772799718808-768x510.png 768w\" sizes=\"auto, (max-width: 1024px) 100vw, 1024px\" \/><\/a><\/figure><\/div>\n\n\n\n<div class=\"wp-block-column is-vertically-aligned-center is-layout-flow wp-block-column-is-layout-flow\" style=\"flex-basis:75%\"><h2 class=\"wp-block-post-title\"><a href=\"https:\/\/heddalab.com\/?creepypasta=test-5\" target=\"_self\" >Splinter<\/a><\/h2>\n\n<div class=\"wp-block-post-date\"><time datetime=\"2025-03-15T15:33:00+01:00\">15 mars 2025<\/time><\/div>\n\n<div class=\"wp-block-post-excerpt\"><p class=\"wp-block-post-excerpt__excerpt\">THE NEW YORK TRIBUNE \u00c9dition du 17 avril 2025 &#8211; Une publication ind\u00e9pendante depuis 1897 APRIL O\u2019NEIL, JOURNALISTE D\u2019INVESTIGATION, DISPARUE DANS LES \u00c9GOUTS DE NEW YORK par Lauren Reed \u2013 rubrique Faits divers La journaliste ind\u00e9pendante April O\u2019Neil, connue pour ses reportages percutants sur la corruption municipale et les zones\u2026 <\/p><\/div><\/div>\n<\/div>\n\n<\/li><li class=\"wp-block-post post-166 creepypasta type-creepypasta status-publish has-post-thumbnail hentry\">\n\n<div class=\"wp-block-columns are-vertically-aligned-center is-layout-flex wp-container-core-columns-is-layout-28f84493 wp-block-columns-is-layout-flex\">\n<div class=\"wp-block-column is-vertically-aligned-center is-layout-flow wp-block-column-is-layout-flow\" style=\"flex-basis:25%\"><figure style=\"aspect-ratio:9\/16;\" class=\"wp-block-post-featured-image\"><a href=\"https:\/\/heddalab.com\/?creepypasta=lallee-des-toxines\" target=\"_self\"  ><img loading=\"lazy\" decoding=\"async\" width=\"1170\" height=\"454\" src=\"https:\/\/heddalab.com\/wp-content\/uploads\/2024\/09\/Capture-decran-2026-03-06-141006-1170x454.png\" class=\"attachment-post-thumbnail size-post-thumbnail wp-post-image\" alt=\"L&rsquo;all\u00e9e des toxines\" style=\"width:100%;height:100%;object-fit:cover;\" srcset=\"https:\/\/heddalab.com\/wp-content\/uploads\/2024\/09\/Capture-decran-2026-03-06-141006-1170x454.png 1170w, https:\/\/heddalab.com\/wp-content\/uploads\/2024\/09\/Capture-decran-2026-03-06-141006-300x116.png 300w, https:\/\/heddalab.com\/wp-content\/uploads\/2024\/09\/Capture-decran-2026-03-06-141006-1024x397.png 1024w, https:\/\/heddalab.com\/wp-content\/uploads\/2024\/09\/Capture-decran-2026-03-06-141006-768x298.png 768w, https:\/\/heddalab.com\/wp-content\/uploads\/2024\/09\/Capture-decran-2026-03-06-141006.png 1273w\" sizes=\"auto, (max-width: 1170px) 100vw, 1170px\" \/><\/a><\/figure><\/div>\n\n\n\n<div class=\"wp-block-column is-vertically-aligned-center is-layout-flow wp-block-column-is-layout-flow\" style=\"flex-basis:75%\"><h2 class=\"wp-block-post-title\"><a href=\"https:\/\/heddalab.com\/?creepypasta=lallee-des-toxines\" target=\"_self\" >L&rsquo;all\u00e9e des toxines<\/a><\/h2>\n\n<div class=\"wp-block-post-date\"><time datetime=\"2024-09-26T14:05:00+02:00\">26 septembre 2024<\/time><\/div>\n\n<div class=\"wp-block-post-excerpt\"><p class=\"wp-block-post-excerpt__excerpt\">C&rsquo;\u00e9tait une journ\u00e9e comme les autres au supermarch\u00e9 du coin. Les all\u00e9es \u00e9taient remplies de clients press\u00e9s, de familles bruyantes et de m\u00e9lodies commerciales ent\u00eatantes. J&rsquo;errais entre les rayons, mon panier \u00e0 la main, cherchant quelque chose pour le d\u00eener. Alors que je comparais les \u00e9tiquettes de diff\u00e9rentes sauces, une\u2026 <\/p><\/div><\/div>\n<\/div>\n\n<\/li><li class=\"wp-block-post post-163 creepypasta type-creepypasta status-publish has-post-thumbnail hentry\">\n\n<div class=\"wp-block-columns are-vertically-aligned-center is-layout-flex wp-container-core-columns-is-layout-28f84493 wp-block-columns-is-layout-flex\">\n<div class=\"wp-block-column is-vertically-aligned-center is-layout-flow wp-block-column-is-layout-flow\" style=\"flex-basis:25%\"><figure style=\"aspect-ratio:9\/16;\" class=\"wp-block-post-featured-image\"><a href=\"https:\/\/heddalab.com\/?creepypasta=mer-dondine\" target=\"_self\"  ><img loading=\"lazy\" decoding=\"async\" width=\"1021\" height=\"496\" src=\"https:\/\/heddalab.com\/wp-content\/uploads\/2026\/03\/Capture-decran-2026-03-06-140433.png\" class=\"attachment-post-thumbnail size-post-thumbnail wp-post-image\" alt=\"Mer d&rsquo;ondine\" style=\"width:100%;height:100%;object-fit:cover;\" srcset=\"https:\/\/heddalab.com\/wp-content\/uploads\/2026\/03\/Capture-decran-2026-03-06-140433.png 1021w, https:\/\/heddalab.com\/wp-content\/uploads\/2026\/03\/Capture-decran-2026-03-06-140433-300x146.png 300w, https:\/\/heddalab.com\/wp-content\/uploads\/2026\/03\/Capture-decran-2026-03-06-140433-768x373.png 768w\" sizes=\"auto, (max-width: 1021px) 100vw, 1021px\" \/><\/a><\/figure><\/div>\n\n\n\n<div class=\"wp-block-column is-vertically-aligned-center is-layout-flow wp-block-column-is-layout-flow\" style=\"flex-basis:75%\"><h2 class=\"wp-block-post-title\"><a href=\"https:\/\/heddalab.com\/?creepypasta=mer-dondine\" target=\"_self\" >Mer d&rsquo;ondine<\/a><\/h2>\n\n<div class=\"wp-block-post-date\"><time datetime=\"2024-09-26T14:03:00+02:00\">26 septembre 2024<\/time><\/div>\n\n<div class=\"wp-block-post-excerpt\"><p class=\"wp-block-post-excerpt__excerpt\">Je suis n\u00e9 entre leurs mains. Ils m&rsquo;ont fa\u00e7onn\u00e9 avec soin, m&rsquo;ont donn\u00e9 une forme \u00e9trange, incompr\u00e9hensible. Leurs gestes \u00e9taient pr\u00e9cis, presque rituels, mais leurs visages restaient hors de port\u00e9e, lointains, comme des silhouettes mouvantes dans une lumi\u00e8re aveuglante. Ils murmuraient entre eux, des paroles que je ne pouvais saisir\u2026 <\/p><\/div><\/div>\n<\/div>\n\n<\/li><li class=\"wp-block-post post-161 creepypasta type-creepypasta status-publish has-post-thumbnail hentry category-archive\">\n\n<div class=\"wp-block-columns are-vertically-aligned-center is-layout-flex wp-container-core-columns-is-layout-28f84493 wp-block-columns-is-layout-flex\">\n<div class=\"wp-block-column is-vertically-aligned-center is-layout-flow wp-block-column-is-layout-flow\" style=\"flex-basis:25%\"><figure style=\"aspect-ratio:9\/16;\" class=\"wp-block-post-featured-image\"><a href=\"https:\/\/heddalab.com\/?creepypasta=ce-quon-refuse\" target=\"_self\"  ><img loading=\"lazy\" decoding=\"async\" width=\"1170\" height=\"576\" src=\"https:\/\/heddalab.com\/wp-content\/uploads\/2024\/09\/Capture-decran-2026-03-06-134522-1170x576.png\" class=\"attachment-post-thumbnail size-post-thumbnail wp-post-image\" alt=\"Ce qu&rsquo;on refuse\" style=\"width:100%;height:100%;object-fit:cover;\" srcset=\"https:\/\/heddalab.com\/wp-content\/uploads\/2024\/09\/Capture-decran-2026-03-06-134522-1170x576.png 1170w, https:\/\/heddalab.com\/wp-content\/uploads\/2024\/09\/Capture-decran-2026-03-06-134522-300x148.png 300w, https:\/\/heddalab.com\/wp-content\/uploads\/2024\/09\/Capture-decran-2026-03-06-134522-1024x504.png 1024w, https:\/\/heddalab.com\/wp-content\/uploads\/2024\/09\/Capture-decran-2026-03-06-134522-768x378.png 768w, https:\/\/heddalab.com\/wp-content\/uploads\/2024\/09\/Capture-decran-2026-03-06-134522.png 1280w\" sizes=\"auto, (max-width: 1170px) 100vw, 1170px\" \/><\/a><\/figure><\/div>\n\n\n\n<div class=\"wp-block-column is-vertically-aligned-center is-layout-flow wp-block-column-is-layout-flow\" style=\"flex-basis:75%\"><h2 class=\"wp-block-post-title\"><a href=\"https:\/\/heddalab.com\/?creepypasta=ce-quon-refuse\" target=\"_self\" >Ce qu&rsquo;on refuse<\/a><\/h2>\n\n<div class=\"wp-block-post-date\"><time datetime=\"2024-09-24T13:42:00+02:00\">24 septembre 2024<\/time><\/div>\n\n<div class=\"wp-block-post-excerpt\"><p class=\"wp-block-post-excerpt__excerpt\">Enregistrement du 12 octobre, 2h35 du matin. Je ne sais pas pourquoi je fais \u00e7a. Parler \u00e0 voix haute, enregistrer mes pens\u00e9es comme \u00e7a\u2026 Je me dis que peut-\u00eatre \u00e7a m\u2019aidera \u00e0 comprendre. Parce que l\u00e0, les choses deviennent trop \u00e9tranges pour que je les ignore. Je fais des r\u00eaves,\u2026 <\/p><\/div><\/div>\n<\/div>\n\n<\/li><\/ul><\/div>\n\n\n\n<p><\/p>\n","protected":false},"excerpt":{"rendered":"","protected":false},"author":1,"featured_media":0,"parent":0,"menu_order":0,"comment_status":"closed","ping_status":"closed","template":"","meta":{"_acf_changed":false,"footnotes":""},"class_list":["post-90","page","type-page","status-publish","hentry"],"acf":[],"_links":{"self":[{"href":"https:\/\/heddalab.com\/index.php?rest_route=\/wp\/v2\/pages\/90","targetHints":{"allow":["GET"]}}],"collection":[{"href":"https:\/\/heddalab.com\/index.php?rest_route=\/wp\/v2\/pages"}],"about":[{"href":"https:\/\/heddalab.com\/index.php?rest_route=\/wp\/v2\/types\/page"}],"author":[{"embeddable":true,"href":"https:\/\/heddalab.com\/index.php?rest_route=\/wp\/v2\/users\/1"}],"replies":[{"embeddable":true,"href":"https:\/\/heddalab.com\/index.php?rest_route=%2Fwp%2Fv2%2Fcomments&post=90"}],"version-history":[{"count":5,"href":"https:\/\/heddalab.com\/index.php?rest_route=\/wp\/v2\/pages\/90\/revisions"}],"predecessor-version":[{"id":125,"href":"https:\/\/heddalab.com\/index.php?rest_route=\/wp\/v2\/pages\/90\/revisions\/125"}],"wp:attachment":[{"href":"https:\/\/heddalab.com\/index.php?rest_route=%2Fwp%2Fv2%2Fmedia&parent=90"}],"curies":[{"name":"wp","href":"https:\/\/api.w.org\/{rel}","templated":true}]}}