{"id":88,"date":"2026-03-05T15:24:52","date_gmt":"2026-03-05T14:24:52","guid":{"rendered":"https:\/\/heddalab.com\/?page_id=88"},"modified":"2026-03-05T15:40:59","modified_gmt":"2026-03-05T14:40:59","slug":"photographie-argentique","status":"publish","type":"page","link":"https:\/\/heddalab.com\/?page_id=88","title":{"rendered":"Photographie"},"content":{"rendered":"\n<div class=\"wp-block-query is-layout-flow wp-block-query-is-layout-flow\"><ul class=\"wp-block-post-template is-layout-flow wp-block-post-template-is-layout-flow\"><li class=\"wp-block-post post-102 photographie type-photographie status-publish has-post-thumbnail hentry category-archive\">\n\n<div class=\"wp-block-columns are-vertically-aligned-center is-layout-flex wp-container-core-columns-is-layout-28f84493 wp-block-columns-is-layout-flex\">\n<div class=\"wp-block-column is-vertically-aligned-center is-layout-flow wp-block-column-is-layout-flow\" style=\"flex-basis:25%\"><figure style=\"aspect-ratio:9\/16;\" class=\"wp-block-post-featured-image\"><a href=\"https:\/\/heddalab.com\/?photographie=test-2\" target=\"_self\"  ><img loading=\"lazy\" decoding=\"async\" width=\"1170\" height=\"1166\" src=\"https:\/\/heddalab.com\/wp-content\/uploads\/2026\/03\/IMG20260325172125fixed-1-1170x1166.png\" class=\"attachment-post-thumbnail size-post-thumbnail wp-post-image\" alt=\"Minolta Dynax 7000i\" style=\"width:100%;height:100%;object-fit:cover;\" srcset=\"https:\/\/heddalab.com\/wp-content\/uploads\/2026\/03\/IMG20260325172125fixed-1-1170x1166.png 1170w, https:\/\/heddalab.com\/wp-content\/uploads\/2026\/03\/IMG20260325172125fixed-1-300x300.png 300w, https:\/\/heddalab.com\/wp-content\/uploads\/2026\/03\/IMG20260325172125fixed-1-1024x1020.png 1024w, https:\/\/heddalab.com\/wp-content\/uploads\/2026\/03\/IMG20260325172125fixed-1-150x150.png 150w, https:\/\/heddalab.com\/wp-content\/uploads\/2026\/03\/IMG20260325172125fixed-1-768x765.png 768w, https:\/\/heddalab.com\/wp-content\/uploads\/2026\/03\/IMG20260325172125fixed-1-1536x1530.png 1536w, https:\/\/heddalab.com\/wp-content\/uploads\/2026\/03\/IMG20260325172125fixed-1-2048x2041.png 2048w\" sizes=\"auto, (max-width: 1170px) 100vw, 1170px\" \/><\/a><\/figure><\/div>\n\n\n\n<div class=\"wp-block-column is-vertically-aligned-center is-layout-flow wp-block-column-is-layout-flow\" style=\"flex-basis:75%\"><h2 class=\"wp-block-post-title\"><a href=\"https:\/\/heddalab.com\/?photographie=test-2\" target=\"_self\" >Minolta Dynax 7000i<\/a><\/h2>\n\n<div class=\"wp-block-post-date\"><time datetime=\"2026-03-05T15:31:33+01:00\">5 mars 2026<\/time><\/div>\n\n<div class=\"wp-block-post-excerpt\"><p class=\"wp-block-post-excerpt__excerpt\">Entre tri de placard et restauration Dans ma collection, il y a des appareils d\u00e9nich\u00e9s au hasard. Et puis, il y a celui-l\u00e0. Le Minolta Dynax 7000i. Mon p\u00e8re me l&rsquo;a mis entre les mains \u00e0 l&rsquo;occasion d&rsquo;un grand tri de placard. A l&rsquo;\u00e9poque, je commen\u00e7ais tout juste \u00e0 m&rsquo;int\u00e9resser\u2026 <\/p><\/div><\/div>\n<\/div>\n\n<\/li><\/ul><\/div>\n\n\n\n<p><\/p>\n","protected":false},"excerpt":{"rendered":"","protected":false},"author":1,"featured_media":0,"parent":0,"menu_order":0,"comment_status":"closed","ping_status":"closed","template":"","meta":{"_acf_changed":false,"footnotes":""},"class_list":["post-88","page","type-page","status-publish","hentry"],"acf":[],"_links":{"self":[{"href":"https:\/\/heddalab.com\/index.php?rest_route=\/wp\/v2\/pages\/88","targetHints":{"allow":["GET"]}}],"collection":[{"href":"https:\/\/heddalab.com\/index.php?rest_route=\/wp\/v2\/pages"}],"about":[{"href":"https:\/\/heddalab.com\/index.php?rest_route=\/wp\/v2\/types\/page"}],"author":[{"embeddable":true,"href":"https:\/\/heddalab.com\/index.php?rest_route=\/wp\/v2\/users\/1"}],"replies":[{"embeddable":true,"href":"https:\/\/heddalab.com\/index.php?rest_route=%2Fwp%2Fv2%2Fcomments&post=88"}],"version-history":[{"count":12,"href":"https:\/\/heddalab.com\/index.php?rest_route=\/wp\/v2\/pages\/88\/revisions"}],"predecessor-version":[{"id":117,"href":"https:\/\/heddalab.com\/index.php?rest_route=\/wp\/v2\/pages\/88\/revisions\/117"}],"wp:attachment":[{"href":"https:\/\/heddalab.com\/index.php?rest_route=%2Fwp%2Fv2%2Fmedia&parent=88"}],"curies":[{"name":"wp","href":"https:\/\/api.w.org\/{rel}","templated":true}]}}