{"id":47,"date":"2026-03-05T10:28:22","date_gmt":"2026-03-05T09:28:22","guid":{"rendered":"https:\/\/heddalab.com\/?page_id=47"},"modified":"2026-03-06T14:49:33","modified_gmt":"2026-03-06T13:49:33","slug":"explorer-creer-experimenter","status":"publish","type":"page","link":"https:\/\/heddalab.com\/?page_id=47","title":{"rendered":"Explorer, cr\u00e9er, exp\u00e9rimenter."},"content":{"rendered":"\n<p><\/p>\n\n\n\n<figure class=\"wp-block-image aligncenter size-medium is-style-rounded\"><img loading=\"lazy\" decoding=\"async\" width=\"246\" height=\"300\" src=\"https:\/\/heddalab.com\/wp-content\/uploads\/2026\/03\/Capture-decran-2026-02-25-123808-edited-246x300.png\" alt=\"\" class=\"wp-image-178\" style=\"aspect-ratio:1;object-fit:cover\" srcset=\"https:\/\/heddalab.com\/wp-content\/uploads\/2026\/03\/Capture-decran-2026-02-25-123808-edited-246x300.png 246w, https:\/\/heddalab.com\/wp-content\/uploads\/2026\/03\/Capture-decran-2026-02-25-123808-edited.png 315w\" sizes=\"auto, (max-width: 246px) 100vw, 246px\" \/><\/figure>\n\n\n\n<p class=\"has-text-align-center has-medium-font-size\"><em>Trois verbes, un manifeste.<\/em><\/p>\n\n\n\n<p><\/p>\n\n\n\n<h2 class=\"wp-block-heading\">Mon Parcours : Du concret \u00e0 l\u2019abstrait<\/h2>\n\n\n\n<p>Mon chemin n\u2019est pas une ligne droite, c&rsquo;est une succession de terrains d&rsquo;apprentissage. De la grande distribution, j&rsquo;ai gard\u00e9 le sang-froid et la gestion de l&rsquo;impr\u00e9vu. De mon r\u00f4le d&rsquo;auxiliaire de vie, j&rsquo;ai tir\u00e9 une attention visc\u00e9rale \u00e0 l&rsquo;humain. De l&rsquo;industrie, j&rsquo;ai conserv\u00e9 le go\u00fbt du travail concret, efficace et organis\u00e9.<\/p>\n\n\n\n<p>Toutes ces vies ont construit la base de ce que je suis aujourd&rsquo;hui : une d\u00e9veloppeuse pragmatique qui utilise la logique comme outil et la curiosit\u00e9 comme moteur. Le code n&rsquo;est pas qu&rsquo;une suite de syntaxes, c&rsquo;est mon terrain d&rsquo;expression favori.<\/p>\n\n\n\n<p class=\"has-text-align-center\"><em>J&rsquo;ai piqu\u00e9 votre curiosit\u00e9 et vous voulez en savoir plus sur mon parcours et mes comp\u00e9tences ?<\/em><\/p>\n\n\n\n<div class=\"wp-block-buttons is-content-justification-center is-layout-flex wp-container-core-buttons-is-layout-a89b3969 wp-block-buttons-is-layout-flex\">\n<div class=\"wp-block-button\"><a class=\"wp-block-button__link wp-element-button\" href=\"https:\/\/heddalab.com\/wp-content\/uploads\/2026\/03\/CV_Cecile_Umecker_2026.pdf\" target=\"_blank\" rel=\"noreferrer noopener nofollow\">T\u00e9l\u00e9charger mon CV<\/a><\/div>\n<\/div>\n\n\n\n<p><\/p>\n\n\n\n<h2 class=\"wp-block-heading\">Pourquoi HeddaLab ?<\/h2>\n\n\n\n<p>Le nom est un hommage \u00e0 deux visionnaires :<\/p>\n\n\n\n<ul class=\"wp-block-list\">\n<li><strong>Hedy Lamarr<\/strong>, l&rsquo;actrice-inventrice qui a prouv\u00e9 que l&rsquo;on peut briller sous les projecteurs tout en r\u00e9volutionnant les t\u00e9l\u00e9communications.<\/li>\n\n\n\n<li><strong>Ada Lovelace<\/strong>, la math\u00e9maticienne qui a vu de la po\u00e9sie dans les machines bien avant tout le monde.<\/li>\n<\/ul>\n\n\n\n<p><strong>HeddaLab<\/strong> est la contraction de ces deux esprits et du mot Laboratoire. C&rsquo;est mon espace de libert\u00e9 totale, sans contraintes ni objectifs impos\u00e9s. Un lieu pour construire, apprendre \u00e0 mon rythme, et parfois, laisser les id\u00e9es s&rsquo;envoler pour voir o\u00f9 elles retombent.<\/p>\n\n\n\n<p><\/p>\n\n\n\n<h2 class=\"wp-block-heading\">Et ensuite ?<\/h2>\n\n\n\n<p>Ce labo est un organisme vivant. Il grandira avec mes d\u00e9couvertes argentiques, mes lignes de code et mes r\u00e9cits. Chaque projet ici est une pi\u00e8ce du puzzle d&rsquo;une exploration qui ne s&rsquo;arr\u00eate jamais.<\/p>\n","protected":false},"excerpt":{"rendered":"<p>Trois verbes, un manifeste. Mon Parcours : Du concret \u00e0 l\u2019abstrait Mon chemin n\u2019est pas une ligne droite, c&rsquo;est une succession de terrains d&rsquo;apprentissage. De la grande distribution, j&rsquo;ai gard\u00e9 le sang-froid et la gestion de l&rsquo;impr\u00e9vu. De mon r\u00f4le d&rsquo;auxiliaire de vie, j&rsquo;ai tir\u00e9 une attention visc\u00e9rale \u00e0 l&rsquo;humain. De l&rsquo;industrie, j&rsquo;ai conserv\u00e9 le [&hellip;]<\/p>\n","protected":false},"author":1,"featured_media":0,"parent":0,"menu_order":0,"comment_status":"closed","ping_status":"closed","template":"","meta":{"_acf_changed":false,"footnotes":""},"class_list":["post-47","page","type-page","status-publish","hentry"],"acf":[],"_links":{"self":[{"href":"https:\/\/heddalab.com\/index.php?rest_route=\/wp\/v2\/pages\/47","targetHints":{"allow":["GET"]}}],"collection":[{"href":"https:\/\/heddalab.com\/index.php?rest_route=\/wp\/v2\/pages"}],"about":[{"href":"https:\/\/heddalab.com\/index.php?rest_route=\/wp\/v2\/types\/page"}],"author":[{"embeddable":true,"href":"https:\/\/heddalab.com\/index.php?rest_route=\/wp\/v2\/users\/1"}],"replies":[{"embeddable":true,"href":"https:\/\/heddalab.com\/index.php?rest_route=%2Fwp%2Fv2%2Fcomments&post=47"}],"version-history":[{"count":13,"href":"https:\/\/heddalab.com\/index.php?rest_route=\/wp\/v2\/pages\/47\/revisions"}],"predecessor-version":[{"id":184,"href":"https:\/\/heddalab.com\/index.php?rest_route=\/wp\/v2\/pages\/47\/revisions\/184"}],"wp:attachment":[{"href":"https:\/\/heddalab.com\/index.php?rest_route=%2Fwp%2Fv2%2Fmedia&parent=47"}],"curies":[{"name":"wp","href":"https:\/\/api.w.org\/{rel}","templated":true}]}}